{"id":3153,"date":"2024-03-13T17:22:48","date_gmt":"2024-03-13T16:22:48","guid":{"rendered":"https:\/\/kempingowanie.pl\/?page_id=3153"},"modified":"2024-04-22T14:13:50","modified_gmt":"2024-04-22T12:13:50","slug":"dokumenty-do-pobrania","status":"publish","type":"page","link":"https:\/\/kempingowanie.pl\/blog\/blog\/dokumenty-do-pobrania\/","title":{"rendered":"DOKUMENTY DO POBRANIA"},"content":{"rendered":"\n<ol class=\"wp-block-list\">\n<li><a href=\"http:\/\/www.kempingowanie.pl\/download\/UMOWA NAJMU PRZYCZEPY KEMPINGOWEJ.pdf\" target=\"_blank\" rel=\"noreferrer noopener\">Umowa najmu przyczepy kempingowej.<\/a><\/li>\n\n\n\n<li><a href=\"http:\/\/www.kempingowanie.pl\/download\/REGULAMIN NAJMU PRZYCZEP KEMPINGOWYCH I KAMPER\u00d3W SP\u00d3\u0141KI AKABA.pdf\" target=\"_blank\" rel=\"noreferrer noopener\">Regulamin Najmu Przyczep Kempingowych i Kamper\u00f3w sp\u00f3\u0142ki AKABA S.C.<\/a><\/li>\n\n\n\n<li><a href=\"http:\/\/www.kempingowanie.pl\/download\/PROTOK\u00d3\u0141 WYDANIA_ZWROTU PRZYCZEPY KEMPINGOWEJ.pdf\" target=\"_blank\" rel=\"noreferrer noopener\">Protok\u00f3\u0142 wydania\/zwrotu przedmiotu najmu.<\/a><\/li>\n\n\n\n<li><a href=\"http:\/\/www.kempingowanie.pl\/download\/OWU PZU Auto do ofert od 18.11.2023.pdf\" target=\"_blank\" rel=\"noreferrer noopener\">Og\u00f3lne warunki ubezpieczenia.<\/a><\/li>\n\n\n\n<li><a href=\"http:\/\/www.kempingowanie.pl\/download\/Lista rzeczy do zrobienia przed ruszeniem z przyczepa kempingowa.pdf\" target=\"_blank\" rel=\"noreferrer noopener\">Lista rzeczy do zrobienia przed ruszeniem z przyczep\u0105 kempingow\u0105.<\/a><\/li>\n\n\n\n<li><a href=\"http:\/\/www.kempingowanie.pl\/download\/LISTA RZECZY DO ZABRANIA NA WYJAZD.pdf\">Lista rzeczy do zabrania na kempin<\/a><a href=\"http:\/\/www.kempingowanie.pl\/download\/LISTA RZECZY DO ZABRANIA NA WYJAZD.pdf\" target=\"_blank\" rel=\"noreferrer noopener\">g.<\/a><\/li>\n<\/ol>\n\n\n\n<p><img loading=\"lazy\" decoding=\"async\" src=\"https:\/\/kempingowanie.pl\/wp-content\/uploads\/2024\/04\/Logo-kempingowanie-biale-tlo-png.png\" alt=\"kempingowanie pl\" width=\"1415\" height=\"407\" class=\"alignnone size-full wp-image-3401\" srcset=\"https:\/\/kempingowanie.pl\/blog\/wp-content\/uploads\/2024\/04\/Logo-kempingowanie-biale-tlo-png.png 1415w, https:\/\/kempingowanie.pl\/blog\/wp-content\/uploads\/2024\/04\/Logo-kempingowanie-biale-tlo-png-300x86.png 300w, https:\/\/kempingowanie.pl\/blog\/wp-content\/uploads\/2024\/04\/Logo-kempingowanie-biale-tlo-png-1024x295.png 1024w, https:\/\/kempingowanie.pl\/blog\/wp-content\/uploads\/2024\/04\/Logo-kempingowanie-biale-tlo-png-768x221.png 768w\" sizes=\"auto, (max-width: 1415px) 100vw, 1415px\" \/><\/p>\n","protected":false},"excerpt":{"rendered":"","protected":false},"author":2,"featured_media":0,"parent":3273,"menu_order":4,"comment_status":"closed","ping_status":"closed","template":"","meta":{"footnotes":""},"class_list":["post-3153","page","type-page","status-publish","hentry"],"_links":{"self":[{"href":"https:\/\/kempingowanie.pl\/blog\/wp-json\/wp\/v2\/pages\/3153","targetHints":{"allow":["GET"]}}],"collection":[{"href":"https:\/\/kempingowanie.pl\/blog\/wp-json\/wp\/v2\/pages"}],"about":[{"href":"https:\/\/kempingowanie.pl\/blog\/wp-json\/wp\/v2\/types\/page"}],"author":[{"embeddable":true,"href":"https:\/\/kempingowanie.pl\/blog\/wp-json\/wp\/v2\/users\/2"}],"replies":[{"embeddable":true,"href":"https:\/\/kempingowanie.pl\/blog\/wp-json\/wp\/v2\/comments?post=3153"}],"version-history":[{"count":11,"href":"https:\/\/kempingowanie.pl\/blog\/wp-json\/wp\/v2\/pages\/3153\/revisions"}],"predecessor-version":[{"id":3408,"href":"https:\/\/kempingowanie.pl\/blog\/wp-json\/wp\/v2\/pages\/3153\/revisions\/3408"}],"up":[{"embeddable":true,"href":"https:\/\/kempingowanie.pl\/blog\/wp-json\/wp\/v2\/pages\/3273"}],"wp:attachment":[{"href":"https:\/\/kempingowanie.pl\/blog\/wp-json\/wp\/v2\/media?parent=3153"}],"curies":[{"name":"wp","href":"https:\/\/api.w.org\/{rel}","templated":true}]}}